{"id":181,"date":"2023-09-29T16:54:12","date_gmt":"2023-09-29T14:54:12","guid":{"rendered":"https:\/\/themanifestooftheabyss.com\/?page_id=181"},"modified":"2023-10-12T21:10:06","modified_gmt":"2023-10-12T19:10:06","slug":"manifeste-des-abysses","status":"publish","type":"page","link":"https:\/\/themanifestooftheabyss.com\/index.php\/manifeste-des-abysses\/","title":{"rendered":"Fran\u00e7ais"},"content":{"rendered":"\n<div class=\"wp-block-group is-nowrap is-layout-flex wp-container-core-group-is-layout-5c4495dd wp-block-group-is-layout-flex\">\n<figure class=\"wp-block-image size-full wp-container-content-9cfa9a5a\"><img loading=\"lazy\" decoding=\"async\" width=\"800\" height=\"533\" src=\"https:\/\/themanifestooftheabyss.com\/wp-content\/uploads\/2023\/10\/ed_Serbia_20170113_B55A1142.jpg\" alt=\"\" class=\"wp-image-362\" style=\"object-fit:cover\" srcset=\"https:\/\/themanifestooftheabyss.com\/wp-content\/uploads\/2023\/10\/ed_Serbia_20170113_B55A1142.jpg 800w, https:\/\/themanifestooftheabyss.com\/wp-content\/uploads\/2023\/10\/ed_Serbia_20170113_B55A1142-300x200.jpg 300w, https:\/\/themanifestooftheabyss.com\/wp-content\/uploads\/2023\/10\/ed_Serbia_20170113_B55A1142-768x512.jpg 768w\" sizes=\"auto, (max-width: 800px) 100vw, 800px\" \/><\/figure>\n\n\n\n<div style=\"height:100px;width:0px\" aria-hidden=\"true\" class=\"wp-block-spacer wp-container-content-9760934e\"><\/div>\n\n\n\n<figure class=\"wp-block-image size-full wp-container-content-9cfa9a5a\"><a href=\"https:\/\/themanifestooftheabyss.com\/wp-content\/uploads\/2023\/09\/fra-eng.pdf\" target=\"_blank\" rel=\"noreferrer noopener\"><img loading=\"lazy\" decoding=\"async\" width=\"216\" height=\"300\" src=\"http:\/\/themanifestooftheabyss.com\/wp-content\/uploads\/2023\/09\/fra-eng.png\" alt=\"\" class=\"wp-image-144\" style=\"object-fit:cover\"\/><\/a><figcaption class=\"wp-element-caption\">          PDF<\/figcaption><\/figure>\n\n\n\n<figure class=\"wp-block-image size-full wp-container-content-9cfa9a5a\"><a href=\"https:\/\/themanifestooftheabyss.com\/wp-content\/uploads\/2023\/09\/Manifeste-des-Abysses-FRA.docx\"><img loading=\"lazy\" decoding=\"async\" width=\"226\" height=\"300\" src=\"http:\/\/themanifestooftheabyss.com\/wp-content\/uploads\/2023\/09\/Manifeste-des-Abysses.png\" alt=\"\" class=\"wp-image-138\" style=\"object-fit:cover\"\/><\/a><figcaption class=\"wp-element-caption\">          WORD<\/figcaption><\/figure>\n<\/div>\n\n\n\n<div style=\"height:20px\" aria-hidden=\"true\" class=\"wp-block-spacer\"><\/div>\n\n\n\n<pre class=\"wp-block-preformatted has-dm-sans-font-family has-x-large-font-size\"><strong>MANIFESTE DES ABYSSES<\/strong><\/pre>\n\n\n\n<pre class=\"wp-block-preformatted has-custom-bleu-manifesto-color has-text-color has-dm-sans-font-family has-small-font-size\">Cette publication est une initiative priv\u00e9e assum\u00e9e par les \u00e9diteurs. Ce n\u2019est ni une association, ni une ONG, ni une institution, ni une entreprise, mais une simple initiative. Elle n\u2019est donc pas l\u00e9gitime \u00e0 r\u00e9colter des fonds ou mener d\u2019autres actions que de r\u00e9animer le d\u00e9bat et r\u00e9veiller la m\u00e9moire et la conscience d\u2019un drame largement trentenaire. Elle n\u2019est pas plus soutenue par une association, ONG, organisation politique ou ob\u00e9dience spirituelle. \nDe plus, les ONG et associations cit\u00e9es ci-dessous pour l\u2019appel aux dons ont \u00e9t\u00e9 s\u00e9lectionn\u00e9es d\u2019apr\u00e8s les recherches de l\u2019\u00e9quipe \u00e9ditoriale uniquement. Le choix n\u2019a donn\u00e9 lieu \u00e0 aucun \u00e9change ni communication avec les s\u00e9lectionn\u00e9es. Avant de proc\u00e9der au moindre paiement, l\u2019\u00e9quipe \u00e9ditoriale conseille aux lecteurs de se renseigner sur l\u2019\u00e9volution des actions de chacune, la validit\u00e9 des liens, et de mener leurs propres recherches quant \u00e0 d\u2019autres intervenants dont les besoins et les formes sp\u00e9cifiques d\u2019actions seraient plus proches de leur sensibilit\u00e9. Les liens renvoient vers les sites internet informant des actions et des besoins, ainsi que vers les formulaires de versements de dons requis directement par leurs destinataires.\nD\u2019autres versions bilingues disponibles\u00a0: Espagnol\/Portugais (SPA-POR\/POR-SPA), Italien\/Grec (ITA-ELL\/ELL-ITA), Allemand\/Turc (DEU-TUR\/TUR-DEU), Arabe\/Farsi (ARA-FAR\/FAR-ARA), H\u00e9breu\/Arabe (HEB-ARA\/ARA-HEB). Certaines ne seront disponibles qu\u2019en ligne ou sur nos r\u00e9seaux\u00a0.\n\n<strong>La version imprim\u00e9e du manifeste peut \u00eatre command\u00e9e <a rel=\"noreferrer noopener\" href=\"https:\/\/www.sebastienmoreu.com\/produit\/manifeste-des-abysses\/\" target=\"_blank\">ici<\/a>.<\/strong><\/pre>\n\n\n\n<div style=\"height:23px\" aria-hidden=\"true\" class=\"wp-block-spacer\"><\/div>\n\n\n\n<pre class=\"wp-block-preformatted has-dm-sans-font-family\" style=\"font-size:clamp(2.021rem, 2.021rem + ((1vw - 0.2rem) * 2.871), 3.6rem);font-style:normal;font-weight:900;line-height:1\">DONNER C\u2019EST S\u2019ENGAGER&nbsp;:<\/pre>\n\n\n\n<div style=\"height:30px\" aria-hidden=\"true\" class=\"wp-block-spacer\"><\/div>\n\n\n\n<div class=\"wp-block-columns are-vertically-aligned-bottom is-not-stacked-on-mobile is-layout-flex wp-container-core-columns-is-layout-f8751df6 wp-block-columns-is-layout-flex\" style=\"border-style:none;border-width:0px;border-radius:0px;margin-top:0;margin-bottom:0;padding-top:0;padding-right:0;padding-bottom:0;padding-left:0\">\n<div class=\"wp-block-column is-vertically-aligned-bottom is-layout-flow wp-block-column-is-layout-flow\">\n<figure class=\"wp-block-image aligncenter size-full\"><a href=\"https:\/\/don.sosmediterranee.org\/arya\/~mon-don\"><img loading=\"lazy\" decoding=\"async\" width=\"730\" height=\"229\" src=\"http:\/\/themanifestooftheabyss.com\/wp-content\/uploads\/2023\/09\/logo_sos-med.png\" alt=\"\" class=\"wp-image-122\" style=\"object-fit:cover\" srcset=\"https:\/\/themanifestooftheabyss.com\/wp-content\/uploads\/2023\/09\/logo_sos-med.png 730w, https:\/\/themanifestooftheabyss.com\/wp-content\/uploads\/2023\/09\/logo_sos-med-300x94.png 300w\" sizes=\"auto, (max-width: 730px) 100vw, 730px\" \/><\/a><\/figure>\n<\/div>\n\n\n\n<div class=\"wp-block-column is-vertically-aligned-bottom is-layout-flow wp-block-column-is-layout-flow\">\n<figure class=\"wp-block-image size-full\"><a href=\"https:\/\/soutenir.msf.fr\/faire-un-don\/~mon-don\"><img loading=\"lazy\" decoding=\"async\" width=\"241\" height=\"104\" src=\"http:\/\/themanifestooftheabyss.com\/wp-content\/uploads\/2023\/09\/logo_msf.png\" alt=\"\" class=\"wp-image-121\" style=\"object-fit:cover\"\/><\/a><\/figure>\n<\/div>\n\n\n\n<div class=\"wp-block-column is-vertically-aligned-bottom is-layout-flow wp-block-column-is-layout-flow\">\n<figure class=\"wp-block-image size-full\"><a href=\"https:\/\/www.moas.eu\/donate\/\"><img loading=\"lazy\" decoding=\"async\" width=\"403\" height=\"180\" src=\"http:\/\/themanifestooftheabyss.com\/wp-content\/uploads\/2023\/09\/logo_moas.png\" alt=\"\" class=\"wp-image-120\" style=\"object-fit:cover\" srcset=\"https:\/\/themanifestooftheabyss.com\/wp-content\/uploads\/2023\/09\/logo_moas.png 403w, https:\/\/themanifestooftheabyss.com\/wp-content\/uploads\/2023\/09\/logo_moas-300x134.png 300w\" sizes=\"auto, (max-width: 403px) 100vw, 403px\" \/><\/a><\/figure>\n<\/div>\n\n\n\n<div class=\"wp-block-column is-vertically-aligned-bottom is-layout-flow wp-block-column-is-layout-flow\">\n<figure class=\"wp-block-image aligncenter size-full\"><a href=\"https:\/\/donate.savethechildren.org\/en\/donate\/donate-now-save-lives-sr-b?_ga=2.235593089.1675046744.1695990582-1164484035.1695990582&amp;_gac=1.249227571.1695990582.EAIaIQobChMI59iZxvP3_wIVTQUGAB2BZwKEEAAYASAAEgIXzPD_BwE&amp;_gl=1*1guyyhv*_ga*MTE2NDQ4NDAzNS4xNjk1OTkwNTgy*_ga_646SWQJ0VB*MTY5NTk5NzgxOS4yLjAuMTY5NTk5NzgxOS42MC4wLjA.*_ga_GRKVSTV36C*MTY5NTk5NzgxOS4yLjAuMTY5NTk5NzgxOS42MC4wLjA.\"><img loading=\"lazy\" decoding=\"async\" width=\"548\" height=\"116\" src=\"http:\/\/themanifestooftheabyss.com\/wp-content\/uploads\/2023\/09\/logo_stc.png\" alt=\"\" class=\"wp-image-123\" style=\"object-fit:cover\" srcset=\"https:\/\/themanifestooftheabyss.com\/wp-content\/uploads\/2023\/09\/logo_stc.png 548w, https:\/\/themanifestooftheabyss.com\/wp-content\/uploads\/2023\/09\/logo_stc-300x64.png 300w\" sizes=\"auto, (max-width: 548px) 100vw, 548px\" \/><\/a><\/figure>\n<\/div>\n<\/div>\n\n\n\n<div style=\"height:120px\" aria-hidden=\"true\" class=\"wp-block-spacer\"><\/div>\n\n\n\n<figure class=\"wp-block-video\" style=\"margin-top:0;margin-right:0;margin-bottom:0;margin-left:0;padding-top:0;padding-right:var(--wp--preset--spacing--80);padding-bottom:0;padding-left:var(--wp--preset--spacing--80)\"><video controls src=\"https:\/\/themanifestooftheabyss.com\/wp-content\/uploads\/2023\/09\/LECTURE_KALI_0_FULL.mp4\"><\/video><\/figure>\n","protected":false},"excerpt":{"rendered":"<p>MANIFESTE DES ABYSSES Cette publication est une initiative priv\u00e9e assum\u00e9e par les \u00e9diteurs. Ce n\u2019est ni une association, ni une ONG, ni une institution, ni une entreprise, mais une simple initiative. Elle n\u2019est donc pas l\u00e9gitime \u00e0 r\u00e9colter des fonds ou mener d\u2019autres actions que de r\u00e9animer le d\u00e9bat et r\u00e9veiller la m\u00e9moire et la [&hellip;]<\/p>\n","protected":false},"author":1,"featured_media":0,"parent":0,"menu_order":0,"comment_status":"closed","ping_status":"closed","template":"","meta":{"footnotes":""},"class_list":["post-181","page","type-page","status-publish","hentry"],"_links":{"self":[{"href":"https:\/\/themanifestooftheabyss.com\/index.php\/wp-json\/wp\/v2\/pages\/181","targetHints":{"allow":["GET"]}}],"collection":[{"href":"https:\/\/themanifestooftheabyss.com\/index.php\/wp-json\/wp\/v2\/pages"}],"about":[{"href":"https:\/\/themanifestooftheabyss.com\/index.php\/wp-json\/wp\/v2\/types\/page"}],"author":[{"embeddable":true,"href":"https:\/\/themanifestooftheabyss.com\/index.php\/wp-json\/wp\/v2\/users\/1"}],"replies":[{"embeddable":true,"href":"https:\/\/themanifestooftheabyss.com\/index.php\/wp-json\/wp\/v2\/comments?post=181"}],"version-history":[{"count":19,"href":"https:\/\/themanifestooftheabyss.com\/index.php\/wp-json\/wp\/v2\/pages\/181\/revisions"}],"predecessor-version":[{"id":439,"href":"https:\/\/themanifestooftheabyss.com\/index.php\/wp-json\/wp\/v2\/pages\/181\/revisions\/439"}],"wp:attachment":[{"href":"https:\/\/themanifestooftheabyss.com\/index.php\/wp-json\/wp\/v2\/media?parent=181"}],"curies":[{"name":"wp","href":"https:\/\/api.w.org\/{rel}","templated":true}]}}