{"id":191,"date":"2023-09-29T17:11:04","date_gmt":"2023-09-29T15:11:04","guid":{"rendered":"https:\/\/themanifestooftheabyss.com\/?page_id=191"},"modified":"2023-10-12T21:08:31","modified_gmt":"2023-10-12T19:08:31","slug":"191-2","status":"publish","type":"page","link":"https:\/\/themanifestooftheabyss.com\/index.php\/191-2\/","title":{"rendered":"Deutsch"},"content":{"rendered":"\n<div class=\"wp-block-group is-nowrap is-layout-flex wp-container-core-group-is-layout-5c4495dd wp-block-group-is-layout-flex\">\n<figure class=\"wp-block-image size-full wp-container-content-9cfa9a5a\"><img loading=\"lazy\" decoding=\"async\" width=\"800\" height=\"533\" src=\"https:\/\/themanifestooftheabyss.com\/wp-content\/uploads\/2023\/10\/MG_0079.jpg\" alt=\"\" class=\"wp-image-341\" style=\"object-fit:cover\" srcset=\"https:\/\/themanifestooftheabyss.com\/wp-content\/uploads\/2023\/10\/MG_0079.jpg 800w, https:\/\/themanifestooftheabyss.com\/wp-content\/uploads\/2023\/10\/MG_0079-300x200.jpg 300w, https:\/\/themanifestooftheabyss.com\/wp-content\/uploads\/2023\/10\/MG_0079-768x512.jpg 768w\" sizes=\"auto, (max-width: 800px) 100vw, 800px\" \/><\/figure>\n\n\n\n<div style=\"height:100px;width:0px\" aria-hidden=\"true\" class=\"wp-block-spacer wp-container-content-9760934e\"><\/div>\n\n\n\n<figure class=\"wp-block-image size-full wp-container-content-9cfa9a5a\"><a href=\"https:\/\/themanifestooftheabyss.com\/wp-content\/uploads\/2023\/09\/deu-tur.pdf\"><img loading=\"lazy\" decoding=\"async\" width=\"216\" height=\"300\" src=\"http:\/\/themanifestooftheabyss.com\/wp-content\/uploads\/2023\/09\/deu-tur.png\" alt=\"\" class=\"wp-image-148\" style=\"object-fit:cover\"\/><\/a><figcaption class=\"wp-element-caption\">          PDF<\/figcaption><\/figure>\n\n\n\n<figure class=\"wp-block-image size-full wp-container-content-9cfa9a5a\"><a href=\"https:\/\/themanifestooftheabyss.com\/wp-content\/uploads\/2023\/10\/Manifest-der-Untiefen-DEU.docx\" target=\"_blank\" rel=\"noreferrer noopener\"><img loading=\"lazy\" decoding=\"async\" width=\"226\" height=\"300\" src=\"http:\/\/themanifestooftheabyss.com\/wp-content\/uploads\/2023\/09\/Manifeste-des-Abysses.png\" alt=\"\" class=\"wp-image-138\" style=\"object-fit:cover\"\/><\/a><figcaption class=\"wp-element-caption\">          WORD<\/figcaption><\/figure>\n<\/div>\n\n\n\n<div style=\"height:19px;width:161px\" aria-hidden=\"true\" class=\"wp-block-spacer\"><\/div>\n\n\n\n<pre class=\"wp-block-preformatted has-dm-sans-font-family has-x-large-font-size\"><strong>MANIFEST DER UNTIEFEN<\/strong><\/pre>\n\n\n\n<pre class=\"wp-block-preformatted has-custom-bleu-manifesto-color has-text-color has-dm-sans-font-family has-small-font-size\">Diese Ver\u00f6ffentlichung ist eine private Initiative der Herausgeber. Dabei handelt es sich weder um einen Verein noch um eine NGO noch um eine Institution oder ein Unternehmen, sondern schlicht um eine einfache Initiative. Sie hat daher kein Recht, Geld zu sammeln oder sich mit anderen T\u00e4tigkeiten zu engagieren als mit einer blo\u00dfen Wiederbelebung der Debatte, um das allgemeine Ged\u00e4chtnis und Bewusstsein eines gr\u00f6\u00dftenteils drei\u00dfigj\u00e4hrigen Dramas wieder zu wecken. Sie wird auch nicht von einem Verein, einer NGO, einer politischen Organisation oder einer spirituellen Bewegung unterst\u00fctzt. \nWeiter wurden die unten genannten NGOs und Verb\u00e4nde ausschlie\u00dflich auf Basis der Recherchen der Redaktion f\u00fcr den Spendenaufruf ausgew\u00e4hlt. Bei der Auswahl kam es zu keinerlei Austausch oder Kommunikation mit den ausgew\u00e4hlten Personen. Vor einer Spende empfiehlt das Redaktionsteam den Lesern, sich \u00fcber die Entwicklung der einzelnen T\u00e4tigkeitsfelder und die G\u00fcltigkeit der Links zu informieren und ihre eigenen Recherchen zu anderen Akteuren durchzuf\u00fchren, deren Bed\u00fcrfnisse und spezifische T\u00e4tigkeitsfelder ihren eigenen Empfindungen m\u00f6glicherweise n\u00e4her kommen. Die Links verweisen auf Websites, auf denen Informationen zu Aktionen und Bed\u00fcrfnissen aufgef\u00fchrt sind, sowie auf Formulare zu Spenden, die direkt von den Empf\u00e4ngern erbeten werden.\nWeitere zweisprachige Versionen sind verf\u00fcgbar: Franz\u00f6sisch\/Englisch (fra-eng\/eng-fra), Italienisch\/Griechisch (ita-ell\/ell-ita), Arabisch\/Farsi (ara-fas\/fas-ara), Hebr\u00e4isch\/Arabisch (heb-ara\/ara-heb) und Spanisch\/Portugiesisch (spa-por\/por-spa). Einige sind nur online oder in unseren Netzwerken verf\u00fcgbar.\n\n<strong>Die gedruckte Version des Manifests kann <a href=\"https:\/\/www.sebastienmoreu.com\/produit\/manifeste-des-abysses\/\">hier<\/a> bestellt werden.<\/strong><\/pre>\n\n\n\n<pre class=\"wp-block-preformatted has-dm-sans-font-family\" style=\"font-size:clamp(2.021rem, 2.021rem + ((1vw - 0.2rem) * 2.871), 3.6rem);font-style:normal;font-weight:900;line-height:1\">SPENDEN ZEIGEN ENGAGEMENT:\n<\/pre>\n\n\n\n<div style=\"height:30px\" aria-hidden=\"true\" class=\"wp-block-spacer\"><\/div>\n\n\n\n<div class=\"wp-block-columns are-vertically-aligned-bottom is-not-stacked-on-mobile is-layout-flex wp-container-core-columns-is-layout-f8751df6 wp-block-columns-is-layout-flex\" style=\"border-style:none;border-width:0px;border-radius:0px;margin-top:0;margin-bottom:0;padding-top:0;padding-right:0;padding-bottom:0;padding-left:0\">\n<div class=\"wp-block-column is-vertically-aligned-bottom is-layout-flow wp-block-column-is-layout-flow\">\n<figure class=\"wp-block-image aligncenter size-full\"><a href=\"https:\/\/don.sosmediterranee.org\/arya\/~mon-don\"><img loading=\"lazy\" decoding=\"async\" width=\"730\" height=\"229\" src=\"http:\/\/themanifestooftheabyss.com\/wp-content\/uploads\/2023\/09\/logo_sos-med.png\" alt=\"\" class=\"wp-image-122\" style=\"object-fit:cover\" srcset=\"https:\/\/themanifestooftheabyss.com\/wp-content\/uploads\/2023\/09\/logo_sos-med.png 730w, https:\/\/themanifestooftheabyss.com\/wp-content\/uploads\/2023\/09\/logo_sos-med-300x94.png 300w\" sizes=\"auto, (max-width: 730px) 100vw, 730px\" \/><\/a><\/figure>\n<\/div>\n\n\n\n<div class=\"wp-block-column is-vertically-aligned-bottom is-layout-flow wp-block-column-is-layout-flow\">\n<figure class=\"wp-block-image size-full\"><a href=\"https:\/\/soutenir.msf.fr\/faire-un-don\/~mon-don\"><img loading=\"lazy\" decoding=\"async\" width=\"241\" height=\"104\" src=\"http:\/\/themanifestooftheabyss.com\/wp-content\/uploads\/2023\/09\/logo_msf.png\" alt=\"\" class=\"wp-image-121\" style=\"object-fit:cover\"\/><\/a><\/figure>\n<\/div>\n\n\n\n<div class=\"wp-block-column is-vertically-aligned-bottom is-layout-flow wp-block-column-is-layout-flow\">\n<figure class=\"wp-block-image size-full\"><a href=\"https:\/\/www.moas.eu\/donate\/\"><img loading=\"lazy\" decoding=\"async\" width=\"403\" height=\"180\" src=\"http:\/\/themanifestooftheabyss.com\/wp-content\/uploads\/2023\/09\/logo_moas.png\" alt=\"\" class=\"wp-image-120\" style=\"object-fit:cover\" srcset=\"https:\/\/themanifestooftheabyss.com\/wp-content\/uploads\/2023\/09\/logo_moas.png 403w, https:\/\/themanifestooftheabyss.com\/wp-content\/uploads\/2023\/09\/logo_moas-300x134.png 300w\" sizes=\"auto, (max-width: 403px) 100vw, 403px\" \/><\/a><\/figure>\n<\/div>\n\n\n\n<div class=\"wp-block-column is-vertically-aligned-bottom is-layout-flow wp-block-column-is-layout-flow\">\n<figure class=\"wp-block-image aligncenter size-full\"><a href=\"https:\/\/donate.savethechildren.org\/en\/donate\/donate-now-save-lives-sr-b?_ga=2.235593089.1675046744.1695990582-1164484035.1695990582&amp;_gac=1.249227571.1695990582.EAIaIQobChMI59iZxvP3_wIVTQUGAB2BZwKEEAAYASAAEgIXzPD_BwE&amp;_gl=1*1guyyhv*_ga*MTE2NDQ4NDAzNS4xNjk1OTkwNTgy*_ga_646SWQJ0VB*MTY5NTk5NzgxOS4yLjAuMTY5NTk5NzgxOS42MC4wLjA.*_ga_GRKVSTV36C*MTY5NTk5NzgxOS4yLjAuMTY5NTk5NzgxOS42MC4wLjA.\"><img loading=\"lazy\" decoding=\"async\" width=\"548\" height=\"116\" src=\"http:\/\/themanifestooftheabyss.com\/wp-content\/uploads\/2023\/09\/logo_stc.png\" alt=\"\" class=\"wp-image-123\" style=\"object-fit:cover\" srcset=\"https:\/\/themanifestooftheabyss.com\/wp-content\/uploads\/2023\/09\/logo_stc.png 548w, https:\/\/themanifestooftheabyss.com\/wp-content\/uploads\/2023\/09\/logo_stc-300x64.png 300w\" sizes=\"auto, (max-width: 548px) 100vw, 548px\" \/><\/a><\/figure>\n<\/div>\n<\/div>\n","protected":false},"excerpt":{"rendered":"<p>MANIFEST DER UNTIEFEN Diese Ver\u00f6ffentlichung ist eine private Initiative der Herausgeber. Dabei handelt es sich weder um einen Verein noch um eine NGO noch um eine Institution oder ein Unternehmen, sondern schlicht um eine einfache Initiative. Sie hat daher kein Recht, Geld zu sammeln oder sich mit anderen T\u00e4tigkeiten zu engagieren als mit einer blo\u00dfen [&hellip;]<\/p>\n","protected":false},"author":1,"featured_media":0,"parent":0,"menu_order":0,"comment_status":"closed","ping_status":"closed","template":"","meta":{"footnotes":""},"class_list":["post-191","page","type-page","status-publish","hentry"],"_links":{"self":[{"href":"https:\/\/themanifestooftheabyss.com\/index.php\/wp-json\/wp\/v2\/pages\/191","targetHints":{"allow":["GET"]}}],"collection":[{"href":"https:\/\/themanifestooftheabyss.com\/index.php\/wp-json\/wp\/v2\/pages"}],"about":[{"href":"https:\/\/themanifestooftheabyss.com\/index.php\/wp-json\/wp\/v2\/types\/page"}],"author":[{"embeddable":true,"href":"https:\/\/themanifestooftheabyss.com\/index.php\/wp-json\/wp\/v2\/users\/1"}],"replies":[{"embeddable":true,"href":"https:\/\/themanifestooftheabyss.com\/index.php\/wp-json\/wp\/v2\/comments?post=191"}],"version-history":[{"count":12,"href":"https:\/\/themanifestooftheabyss.com\/index.php\/wp-json\/wp\/v2\/pages\/191\/revisions"}],"predecessor-version":[{"id":436,"href":"https:\/\/themanifestooftheabyss.com\/index.php\/wp-json\/wp\/v2\/pages\/191\/revisions\/436"}],"wp:attachment":[{"href":"https:\/\/themanifestooftheabyss.com\/index.php\/wp-json\/wp\/v2\/media?parent=191"}],"curies":[{"name":"wp","href":"https:\/\/api.w.org\/{rel}","templated":true}]}}