{"id":201,"date":"2023-09-29T17:24:17","date_gmt":"2023-09-29T15:24:17","guid":{"rendered":"https:\/\/themanifestooftheabyss.com\/?page_id=201"},"modified":"2023-10-12T21:09:51","modified_gmt":"2023-10-12T19:09:51","slug":"manifiesto-del-abismo","status":"publish","type":"page","link":"https:\/\/themanifestooftheabyss.com\/index.php\/manifiesto-del-abismo\/","title":{"rendered":"Espa\u00f1ol"},"content":{"rendered":"\n<div class=\"wp-block-group is-nowrap is-layout-flex wp-container-core-group-is-layout-5c4495dd wp-block-group-is-layout-flex\">\n<figure class=\"wp-block-image size-full wp-container-content-9cfa9a5a\"><img loading=\"lazy\" decoding=\"async\" width=\"800\" height=\"600\" src=\"https:\/\/themanifestooftheabyss.com\/wp-content\/uploads\/2023\/10\/IMG_2098.jpg\" alt=\"\" class=\"wp-image-348\" style=\"object-fit:cover\" srcset=\"https:\/\/themanifestooftheabyss.com\/wp-content\/uploads\/2023\/10\/IMG_2098.jpg 800w, https:\/\/themanifestooftheabyss.com\/wp-content\/uploads\/2023\/10\/IMG_2098-300x225.jpg 300w, https:\/\/themanifestooftheabyss.com\/wp-content\/uploads\/2023\/10\/IMG_2098-768x576.jpg 768w\" sizes=\"auto, (max-width: 800px) 100vw, 800px\" \/><\/figure>\n\n\n\n<div style=\"height:100px;width:0px\" aria-hidden=\"true\" class=\"wp-block-spacer wp-container-content-9760934e\"><\/div>\n\n\n\n<figure class=\"wp-block-image size-full wp-container-content-9cfa9a5a\"><a href=\"https:\/\/themanifestooftheabyss.com\/wp-content\/uploads\/2023\/09\/spa-por.pdf\"><img loading=\"lazy\" decoding=\"async\" width=\"216\" height=\"300\" src=\"http:\/\/themanifestooftheabyss.com\/wp-content\/uploads\/2023\/09\/spa-por.png\" alt=\"\" class=\"wp-image-140\" style=\"object-fit:cover\"\/><\/a><figcaption class=\"wp-element-caption\">          PDF<\/figcaption><\/figure>\n\n\n\n<figure class=\"wp-block-image size-full wp-container-content-9cfa9a5a\"><a href=\"https:\/\/themanifestooftheabyss.com\/wp-content\/uploads\/2023\/09\/Manifiesto-del-Abismo-SPA.docx\"><img loading=\"lazy\" decoding=\"async\" width=\"226\" height=\"300\" src=\"http:\/\/themanifestooftheabyss.com\/wp-content\/uploads\/2023\/09\/Manifesto-dellAbisso.png\" alt=\"\" class=\"wp-image-137\" style=\"object-fit:cover\"\/><\/a><figcaption class=\"wp-element-caption\">          WORD<\/figcaption><\/figure>\n<\/div>\n\n\n\n<div style=\"height:20px\" aria-hidden=\"true\" class=\"wp-block-spacer\"><\/div>\n\n\n\n<pre class=\"wp-block-preformatted has-dm-sans-font-family has-x-large-font-size\"><strong>MANIFIESTO DEL ABISMO<\/strong><\/pre>\n\n\n\n<pre class=\"wp-block-preformatted has-custom-bleu-manifesto-color has-text-color has-dm-sans-font-family has-small-font-size\">Esta publicaci\u00f3n es una iniciativa privada asumida por los editores. No es una asociaci\u00f3n, ni una ONG, ni una instituci\u00f3n, ni una empresa, sino una simple iniciativa. Por lo tanto, no es leg\u00edtima para recaudar fondos o realizar otras acciones si no reanimar el debate y despertar la memoria y la conciencia de un drama ampliamente treinta\u00f1ero. Tampoco cuenta con el apoyo de una asociaci\u00f3n, ONG, organizaci\u00f3n pol\u00edtica o obediencia espiritual.\nAdem\u00e1s, las organizaciones no gubernamentales y las asociaciones que se citan a continuaci\u00f3n para la convocatoria de donaciones se seleccionaron bas\u00e1ndose \u00fanicamente en las investigaciones del equipo editorial. La elecci\u00f3n no dio lugar a ning\u00fan intercambio ni comunicaci\u00f3n con las seleccionadas. Antes de realizar cualquier pago, el equipo editorial aconseja a los lectores informarse sobre la evoluci\u00f3n de las acciones de cada una, la validez de los enlaces, y llevar a cabo sus propias investigaciones sobre otros agentes cuyas necesidades y formas espec\u00edficas de actuaci\u00f3n est\u00e9n m\u00e1s cerca de su sensibilidad. Los enlaces remiten a los sitios web que informan sobre las acciones y necesidades, as\u00ed como a los formularios de pago de donaciones solicitados directamente por sus destinatarios.\nOtras versiones biling\u00fces disponibles: franc\u00e9s\/ingl\u00e9s (FRA-ENG\/ENG-FRA), italiano\/griego (ITA-ELL\/ELL-ITA), alem\u00e1n\/turco (DEU-TUR\/TUR-DEU), \u00e1rabe\/farsi (ARA-FAR\/FAR-ARA), hebreo\/\u00e1rabe (HEB-ARA\/ARA-HEB). Algunas solo estar\u00e1n disponibles en l\u00ednea o en nuestras redes\n\n<strong>La versi\u00f3n impresa del manifiesto se puede solicitar <a href=\"https:\/\/www.sebastienmoreu.com\/produit\/manifeste-des-abysses\/\">aqu\u00ed.<\/a><\/strong><\/pre>\n\n\n\n<div style=\"height:23px\" aria-hidden=\"true\" class=\"wp-block-spacer\"><\/div>\n\n\n\n<pre class=\"wp-block-preformatted has-dm-sans-font-family\" style=\"font-size:clamp(2.021rem, 2.021rem + ((1vw - 0.2rem) * 2.871), 3.6rem);font-style:normal;font-weight:900;line-height:1\">DAR ES COMPROMETERSE:<\/pre>\n\n\n\n<div style=\"height:30px\" aria-hidden=\"true\" class=\"wp-block-spacer\"><\/div>\n\n\n\n<div class=\"wp-block-columns are-vertically-aligned-bottom is-not-stacked-on-mobile is-layout-flex wp-container-core-columns-is-layout-f8751df6 wp-block-columns-is-layout-flex\" style=\"border-style:none;border-width:0px;border-radius:0px;margin-top:0;margin-bottom:0;padding-top:0;padding-right:0;padding-bottom:0;padding-left:0\">\n<div class=\"wp-block-column is-vertically-aligned-bottom is-layout-flow wp-block-column-is-layout-flow\">\n<figure class=\"wp-block-image aligncenter size-full\"><a href=\"https:\/\/don.sosmediterranee.org\/arya\/~mon-don\"><img loading=\"lazy\" decoding=\"async\" width=\"730\" height=\"229\" src=\"http:\/\/themanifestooftheabyss.com\/wp-content\/uploads\/2023\/09\/logo_sos-med.png\" alt=\"\" class=\"wp-image-122\" style=\"object-fit:cover\" srcset=\"https:\/\/themanifestooftheabyss.com\/wp-content\/uploads\/2023\/09\/logo_sos-med.png 730w, https:\/\/themanifestooftheabyss.com\/wp-content\/uploads\/2023\/09\/logo_sos-med-300x94.png 300w\" sizes=\"auto, (max-width: 730px) 100vw, 730px\" \/><\/a><\/figure>\n<\/div>\n\n\n\n<div class=\"wp-block-column is-vertically-aligned-bottom is-layout-flow wp-block-column-is-layout-flow\">\n<figure class=\"wp-block-image size-full\"><a href=\"https:\/\/soutenir.msf.fr\/faire-un-don\/~mon-don\"><img loading=\"lazy\" decoding=\"async\" width=\"241\" height=\"104\" src=\"http:\/\/themanifestooftheabyss.com\/wp-content\/uploads\/2023\/09\/logo_msf.png\" alt=\"\" class=\"wp-image-121\" style=\"object-fit:cover\"\/><\/a><\/figure>\n<\/div>\n\n\n\n<div class=\"wp-block-column is-vertically-aligned-bottom is-layout-flow wp-block-column-is-layout-flow\">\n<figure class=\"wp-block-image size-full\"><a href=\"https:\/\/www.moas.eu\/donate\/\"><img loading=\"lazy\" decoding=\"async\" width=\"403\" height=\"180\" src=\"http:\/\/themanifestooftheabyss.com\/wp-content\/uploads\/2023\/09\/logo_moas.png\" alt=\"\" class=\"wp-image-120\" style=\"object-fit:cover\" srcset=\"https:\/\/themanifestooftheabyss.com\/wp-content\/uploads\/2023\/09\/logo_moas.png 403w, https:\/\/themanifestooftheabyss.com\/wp-content\/uploads\/2023\/09\/logo_moas-300x134.png 300w\" sizes=\"auto, (max-width: 403px) 100vw, 403px\" \/><\/a><\/figure>\n<\/div>\n\n\n\n<div class=\"wp-block-column is-vertically-aligned-bottom is-layout-flow wp-block-column-is-layout-flow\">\n<figure class=\"wp-block-image aligncenter size-full\"><a href=\"https:\/\/donate.savethechildren.org\/en\/donate\/donate-now-save-lives-sr-b?_ga=2.235593089.1675046744.1695990582-1164484035.1695990582&amp;_gac=1.249227571.1695990582.EAIaIQobChMI59iZxvP3_wIVTQUGAB2BZwKEEAAYASAAEgIXzPD_BwE&amp;_gl=1*1guyyhv*_ga*MTE2NDQ4NDAzNS4xNjk1OTkwNTgy*_ga_646SWQJ0VB*MTY5NTk5NzgxOS4yLjAuMTY5NTk5NzgxOS42MC4wLjA.*_ga_GRKVSTV36C*MTY5NTk5NzgxOS4yLjAuMTY5NTk5NzgxOS42MC4wLjA.\"><img loading=\"lazy\" decoding=\"async\" width=\"548\" height=\"116\" src=\"http:\/\/themanifestooftheabyss.com\/wp-content\/uploads\/2023\/09\/logo_stc.png\" alt=\"\" class=\"wp-image-123\" style=\"object-fit:cover\" srcset=\"https:\/\/themanifestooftheabyss.com\/wp-content\/uploads\/2023\/09\/logo_stc.png 548w, https:\/\/themanifestooftheabyss.com\/wp-content\/uploads\/2023\/09\/logo_stc-300x64.png 300w\" sizes=\"auto, (max-width: 548px) 100vw, 548px\" \/><\/a><\/figure>\n<\/div>\n<\/div>\n","protected":false},"excerpt":{"rendered":"<p>MANIFIESTO DEL ABISMO Esta publicaci\u00f3n es una iniciativa privada asumida por los editores. No es una asociaci\u00f3n, ni una ONG, ni una instituci\u00f3n, ni una empresa, sino una simple iniciativa. Por lo tanto, no es leg\u00edtima para recaudar fondos o realizar otras acciones si no reanimar el debate y despertar la memoria y la conciencia [&hellip;]<\/p>\n","protected":false},"author":1,"featured_media":0,"parent":0,"menu_order":0,"comment_status":"closed","ping_status":"closed","template":"","meta":{"footnotes":""},"class_list":["post-201","page","type-page","status-publish","hentry"],"_links":{"self":[{"href":"https:\/\/themanifestooftheabyss.com\/index.php\/wp-json\/wp\/v2\/pages\/201","targetHints":{"allow":["GET"]}}],"collection":[{"href":"https:\/\/themanifestooftheabyss.com\/index.php\/wp-json\/wp\/v2\/pages"}],"about":[{"href":"https:\/\/themanifestooftheabyss.com\/index.php\/wp-json\/wp\/v2\/types\/page"}],"author":[{"embeddable":true,"href":"https:\/\/themanifestooftheabyss.com\/index.php\/wp-json\/wp\/v2\/users\/1"}],"replies":[{"embeddable":true,"href":"https:\/\/themanifestooftheabyss.com\/index.php\/wp-json\/wp\/v2\/comments?post=201"}],"version-history":[{"count":11,"href":"https:\/\/themanifestooftheabyss.com\/index.php\/wp-json\/wp\/v2\/pages\/201\/revisions"}],"predecessor-version":[{"id":438,"href":"https:\/\/themanifestooftheabyss.com\/index.php\/wp-json\/wp\/v2\/pages\/201\/revisions\/438"}],"wp:attachment":[{"href":"https:\/\/themanifestooftheabyss.com\/index.php\/wp-json\/wp\/v2\/media?parent=201"}],"curies":[{"name":"wp","href":"https:\/\/api.w.org\/{rel}","templated":true}]}}