{"id":234,"date":"2023-09-29T18:33:13","date_gmt":"2023-09-29T16:33:13","guid":{"rendered":"https:\/\/themanifestooftheabyss.com\/?page_id=234"},"modified":"2023-10-12T21:12:11","modified_gmt":"2023-10-12T19:12:11","slug":"portugues","status":"publish","type":"page","link":"https:\/\/themanifestooftheabyss.com\/index.php\/portugues\/","title":{"rendered":"Portugu\u00eas"},"content":{"rendered":"\n<div class=\"wp-block-group is-nowrap is-layout-flex wp-container-core-group-is-layout-5c4495dd wp-block-group-is-layout-flex\">\n<figure class=\"wp-block-image size-full wp-container-content-9cfa9a5a\"><img loading=\"lazy\" decoding=\"async\" width=\"800\" height=\"482\" src=\"https:\/\/themanifestooftheabyss.com\/wp-content\/uploads\/2023\/10\/Sans-titre-4.jpg\" alt=\"\" class=\"wp-image-360\" style=\"object-fit:cover\" srcset=\"https:\/\/themanifestooftheabyss.com\/wp-content\/uploads\/2023\/10\/Sans-titre-4.jpg 800w, https:\/\/themanifestooftheabyss.com\/wp-content\/uploads\/2023\/10\/Sans-titre-4-300x181.jpg 300w, https:\/\/themanifestooftheabyss.com\/wp-content\/uploads\/2023\/10\/Sans-titre-4-768x463.jpg 768w\" sizes=\"auto, (max-width: 800px) 100vw, 800px\" \/><\/figure>\n\n\n\n<div style=\"height:100px;width:0px\" aria-hidden=\"true\" class=\"wp-block-spacer wp-container-content-9760934e\"><\/div>\n\n\n\n<figure class=\"wp-block-image size-full wp-container-content-9cfa9a5a\"><a href=\"https:\/\/themanifestooftheabyss.com\/wp-content\/uploads\/2023\/09\/por-spa.pdf\"><img loading=\"lazy\" decoding=\"async\" width=\"216\" height=\"300\" src=\"http:\/\/themanifestooftheabyss.com\/wp-content\/uploads\/2023\/09\/por-spa.png\" alt=\"\" class=\"wp-image-141\" style=\"object-fit:cover\"\/><\/a><figcaption class=\"wp-element-caption\">          PDF<\/figcaption><\/figure>\n\n\n\n<figure class=\"wp-block-image size-full wp-container-content-9cfa9a5a\"><a href=\"https:\/\/themanifestooftheabyss.com\/wp-content\/uploads\/2023\/09\/Manifesto-do-Abismo-POR.docx\"><img loading=\"lazy\" decoding=\"async\" width=\"226\" height=\"300\" src=\"http:\/\/themanifestooftheabyss.com\/wp-content\/uploads\/2023\/09\/Manifesto-do-Abismo.png\" alt=\"\" class=\"wp-image-136\" style=\"object-fit:cover\"\/><\/a><figcaption class=\"wp-element-caption\">          WORD<\/figcaption><\/figure>\n<\/div>\n\n\n\n<div style=\"height:20px;width:161px\" aria-hidden=\"true\" class=\"wp-block-spacer\"><\/div>\n\n\n\n<pre class=\"wp-block-preformatted has-dm-sans-font-family has-x-large-font-size\"><strong>MANIFESTO DO ABISMO<\/strong><\/pre>\n\n\n\n<pre class=\"wp-block-preformatted has-custom-bleu-manifesto-color has-text-color has-dm-sans-font-family has-small-font-size\">Esta publica\u00e7\u00e3o resulta de uma iniciativa privada dos editores. N\u00e3o \u00e9 uma ideia de uma associa\u00e7\u00e3o, ONG, institui\u00e7\u00e3o ou empresa, mas sim uma simples iniciativa. Como tal, n\u00e3o possui legitimidade para angariar fundos ou tomar qualquer outra medida al\u00e9m de reavivar o debate e despertar a mem\u00f3ria e a consci\u00eancia de uma trag\u00e9dia que j\u00e1 dura h\u00e1 trinta anos. Tamb\u00e9m n\u00e3o \u00e9 apoiada por nenhuma associa\u00e7\u00e3o, ONG, organiza\u00e7\u00e3o pol\u00edtica ou religiosa.\n\nAl\u00e9m disso, as ONGs e associa\u00e7\u00f5es listadas abaixo para o apelo de doa\u00e7\u00f5es foram selecionadas exclusivamente com base em pesquisas realizadas pela equipe editorial. N\u00e3o houve troca ou comunica\u00e7\u00e3o com as entidades selecionadas. Antes de efetuar qualquer pagamento, a equipe editorial aconselha os leitores a informarem-se sobre o desenvolvimento das a\u00e7\u00f5es de cada organiza\u00e7\u00e3o e a validade dos links, al\u00e9m de realizarem sua pr\u00f3pria pesquisa sobre outras entidades cujas necessidades e formas espec\u00edficas de atua\u00e7\u00e3o estejam mais alinhadas com suas pr\u00f3prias convic\u00e7\u00f5es. Os links direcionam para sites que fornecem informa\u00e7\u00f5es sobre as a\u00e7\u00f5es e necessidades, bem como para os formul\u00e1rios de doa\u00e7\u00e3o solicitados diretamente pelos destinat\u00e1rios.\n\nSim, outras vers\u00f5es bil\u00edngues est\u00e3o dispon\u00edveis: Franc\u00eas\/Ingl\u00eas (FRA-ENG\/ENG-FRA), Italiano\/Grego (ITA-ELL\/ELL-ITA), Alem\u00e3o\/Turco (DEU-TUR\/TUR-DEU), \u00c1rabe\/Farsi (ARA-FAR\/FAR-ARA), Hebraico\/\u00c1rabe (HEB-ARA\/ARA-HEB). Algumas estar\u00e3o dispon\u00edveis apenas online ou em nossas redes.\n\n<strong>A vers\u00e3o impressa do manifesto pode ser encomendada <a href=\"https:\/\/www.sebastienmoreu.com\/produit\/manifeste-des-abysses\/\">aqui<\/a>.<\/strong><\/pre>\n\n\n\n<div style=\"height:23px\" aria-hidden=\"true\" class=\"wp-block-spacer\"><\/div>\n\n\n\n<pre class=\"wp-block-preformatted has-dm-sans-font-family\" style=\"font-size:clamp(2.021rem, 2.021rem + ((1vw - 0.2rem) * 2.871), 3.6rem);font-style:normal;font-weight:900;line-height:1\">DOE PARA ENVOLVER-SE&nbsp;:<\/pre>\n\n\n\n<div style=\"height:30px\" aria-hidden=\"true\" class=\"wp-block-spacer\"><\/div>\n\n\n\n<div class=\"wp-block-columns are-vertically-aligned-bottom is-not-stacked-on-mobile is-layout-flex wp-container-core-columns-is-layout-f8751df6 wp-block-columns-is-layout-flex\" style=\"border-style:none;border-width:0px;border-radius:0px;margin-top:0;margin-bottom:0;padding-top:0;padding-right:0;padding-bottom:0;padding-left:0\">\n<div class=\"wp-block-column is-vertically-aligned-bottom is-layout-flow wp-block-column-is-layout-flow\">\n<figure class=\"wp-block-image aligncenter size-full\"><a href=\"https:\/\/don.sosmediterranee.org\/arya\/~mon-don\"><img loading=\"lazy\" decoding=\"async\" width=\"730\" height=\"229\" src=\"http:\/\/themanifestooftheabyss.com\/wp-content\/uploads\/2023\/09\/logo_sos-med.png\" alt=\"\" class=\"wp-image-122\" style=\"object-fit:cover\" srcset=\"https:\/\/themanifestooftheabyss.com\/wp-content\/uploads\/2023\/09\/logo_sos-med.png 730w, https:\/\/themanifestooftheabyss.com\/wp-content\/uploads\/2023\/09\/logo_sos-med-300x94.png 300w\" sizes=\"auto, (max-width: 730px) 100vw, 730px\" \/><\/a><\/figure>\n<\/div>\n\n\n\n<div class=\"wp-block-column is-vertically-aligned-bottom is-layout-flow wp-block-column-is-layout-flow\">\n<figure class=\"wp-block-image size-full\"><a href=\"https:\/\/soutenir.msf.fr\/faire-un-don\/~mon-don\"><img loading=\"lazy\" decoding=\"async\" width=\"241\" height=\"104\" src=\"http:\/\/themanifestooftheabyss.com\/wp-content\/uploads\/2023\/09\/logo_msf.png\" alt=\"\" class=\"wp-image-121\" style=\"object-fit:cover\"\/><\/a><\/figure>\n<\/div>\n\n\n\n<div class=\"wp-block-column is-vertically-aligned-bottom is-layout-flow wp-block-column-is-layout-flow\">\n<figure class=\"wp-block-image size-full\"><a href=\"https:\/\/www.moas.eu\/donate\/\"><img loading=\"lazy\" decoding=\"async\" width=\"403\" height=\"180\" src=\"http:\/\/themanifestooftheabyss.com\/wp-content\/uploads\/2023\/09\/logo_moas.png\" alt=\"\" class=\"wp-image-120\" style=\"object-fit:cover\" srcset=\"https:\/\/themanifestooftheabyss.com\/wp-content\/uploads\/2023\/09\/logo_moas.png 403w, https:\/\/themanifestooftheabyss.com\/wp-content\/uploads\/2023\/09\/logo_moas-300x134.png 300w\" sizes=\"auto, (max-width: 403px) 100vw, 403px\" \/><\/a><\/figure>\n<\/div>\n\n\n\n<div class=\"wp-block-column is-vertically-aligned-bottom is-layout-flow wp-block-column-is-layout-flow\">\n<figure class=\"wp-block-image aligncenter size-full\"><a href=\"https:\/\/donate.savethechildren.org\/en\/donate\/donate-now-save-lives-sr-b?_ga=2.235593089.1675046744.1695990582-1164484035.1695990582&amp;_gac=1.249227571.1695990582.EAIaIQobChMI59iZxvP3_wIVTQUGAB2BZwKEEAAYASAAEgIXzPD_BwE&amp;_gl=1*1guyyhv*_ga*MTE2NDQ4NDAzNS4xNjk1OTkwNTgy*_ga_646SWQJ0VB*MTY5NTk5NzgxOS4yLjAuMTY5NTk5NzgxOS42MC4wLjA.*_ga_GRKVSTV36C*MTY5NTk5NzgxOS4yLjAuMTY5NTk5NzgxOS42MC4wLjA.\"><img loading=\"lazy\" decoding=\"async\" width=\"548\" height=\"116\" src=\"http:\/\/themanifestooftheabyss.com\/wp-content\/uploads\/2023\/09\/logo_stc.png\" alt=\"\" class=\"wp-image-123\" style=\"object-fit:cover\" srcset=\"https:\/\/themanifestooftheabyss.com\/wp-content\/uploads\/2023\/09\/logo_stc.png 548w, https:\/\/themanifestooftheabyss.com\/wp-content\/uploads\/2023\/09\/logo_stc-300x64.png 300w\" sizes=\"auto, (max-width: 548px) 100vw, 548px\" \/><\/a><\/figure>\n<\/div>\n<\/div>\n","protected":false},"excerpt":{"rendered":"<p>MANIFESTO DO ABISMO Esta publica\u00e7\u00e3o resulta de uma iniciativa privada dos editores. N\u00e3o \u00e9 uma ideia de uma associa\u00e7\u00e3o, ONG, institui\u00e7\u00e3o ou empresa, mas sim uma simples iniciativa. Como tal, n\u00e3o possui legitimidade para angariar fundos ou tomar qualquer outra medida al\u00e9m de reavivar o debate e despertar a mem\u00f3ria e a consci\u00eancia de uma [&hellip;]<\/p>\n","protected":false},"author":1,"featured_media":0,"parent":0,"menu_order":0,"comment_status":"closed","ping_status":"closed","template":"","meta":{"footnotes":""},"class_list":["post-234","page","type-page","status-publish","hentry"],"_links":{"self":[{"href":"https:\/\/themanifestooftheabyss.com\/index.php\/wp-json\/wp\/v2\/pages\/234","targetHints":{"allow":["GET"]}}],"collection":[{"href":"https:\/\/themanifestooftheabyss.com\/index.php\/wp-json\/wp\/v2\/pages"}],"about":[{"href":"https:\/\/themanifestooftheabyss.com\/index.php\/wp-json\/wp\/v2\/types\/page"}],"author":[{"embeddable":true,"href":"https:\/\/themanifestooftheabyss.com\/index.php\/wp-json\/wp\/v2\/users\/1"}],"replies":[{"embeddable":true,"href":"https:\/\/themanifestooftheabyss.com\/index.php\/wp-json\/wp\/v2\/comments?post=234"}],"version-history":[{"count":7,"href":"https:\/\/themanifestooftheabyss.com\/index.php\/wp-json\/wp\/v2\/pages\/234\/revisions"}],"predecessor-version":[{"id":442,"href":"https:\/\/themanifestooftheabyss.com\/index.php\/wp-json\/wp\/v2\/pages\/234\/revisions\/442"}],"wp:attachment":[{"href":"https:\/\/themanifestooftheabyss.com\/index.php\/wp-json\/wp\/v2\/media?parent=234"}],"curies":[{"name":"wp","href":"https:\/\/api.w.org\/{rel}","templated":true}]}}