{"id":270,"date":"2023-10-02T13:55:42","date_gmt":"2023-10-02T11:55:42","guid":{"rendered":"https:\/\/themanifestooftheabyss.com\/?page_id=270"},"modified":"2023-10-12T21:13:10","modified_gmt":"2023-10-12T19:13:10","slug":"turkce","status":"publish","type":"page","link":"https:\/\/themanifestooftheabyss.com\/index.php\/turkce\/","title":{"rendered":"T\u00fcrk\u00e7e"},"content":{"rendered":"\n<div class=\"wp-block-group is-nowrap is-layout-flex wp-container-core-group-is-layout-5c4495dd wp-block-group-is-layout-flex\">\n<figure class=\"wp-block-image size-full wp-container-content-9cfa9a5a\"><img loading=\"lazy\" decoding=\"async\" width=\"800\" height=\"531\" src=\"https:\/\/themanifestooftheabyss.com\/wp-content\/uploads\/2023\/10\/035.jpg\" alt=\"\" class=\"wp-image-365\" style=\"object-fit:cover\" srcset=\"https:\/\/themanifestooftheabyss.com\/wp-content\/uploads\/2023\/10\/035.jpg 800w, https:\/\/themanifestooftheabyss.com\/wp-content\/uploads\/2023\/10\/035-300x199.jpg 300w, https:\/\/themanifestooftheabyss.com\/wp-content\/uploads\/2023\/10\/035-768x510.jpg 768w\" sizes=\"auto, (max-width: 800px) 100vw, 800px\" \/><\/figure>\n\n\n\n<div style=\"height:100px;width:0px\" aria-hidden=\"true\" class=\"wp-block-spacer wp-container-content-9760934e\"><\/div>\n\n\n\n<figure class=\"wp-block-image size-full wp-container-content-9cfa9a5a\"><img loading=\"lazy\" decoding=\"async\" width=\"216\" height=\"300\" src=\"http:\/\/themanifestooftheabyss.com\/wp-content\/uploads\/2023\/09\/tur-deu.png\" alt=\"\" class=\"wp-image-139\" style=\"object-fit:cover\"\/><figcaption class=\"wp-element-caption\">          PDF<\/figcaption><\/figure>\n\n\n\n<figure class=\"wp-block-image size-full wp-container-content-9cfa9a5a\"><a href=\"https:\/\/themanifestooftheabyss.com\/wp-content\/uploads\/2023\/10\/Sonsuz-Derinligin-Manifestosu-TUR.docx\" target=\"_blank\" rel=\"noreferrer noopener\"><img loading=\"lazy\" decoding=\"async\" width=\"226\" height=\"300\" src=\"http:\/\/themanifestooftheabyss.com\/wp-content\/uploads\/2023\/09\/Manifeste-des-Abysses.png\" alt=\"\" class=\"wp-image-138\" style=\"object-fit:cover\"\/><\/a><figcaption class=\"wp-element-caption\">          WORD<\/figcaption><\/figure>\n<\/div>\n\n\n\n<div style=\"height:19px;width:161px\" aria-hidden=\"true\" class=\"wp-block-spacer\"><\/div>\n\n\n\n<pre class=\"wp-block-preformatted has-dm-sans-font-family has-x-large-font-size\"><strong>SONSUZ DERINLI\u011eIN MANIFESTOSU<\/strong><\/pre>\n\n\n\n<pre class=\"wp-block-preformatted has-custom-bleu-manifesto-color has-text-color has-dm-sans-font-family has-small-font-size\">Bu yay\u0131n, yay\u0131nc\u0131lar\u0131n \u00f6zel bir giri\u015fimi sonucunda ortaya \u00e7\u0131km\u0131\u015ft\u0131r. Bu fikir bir dernek, STK, kurum ya da \u015firket taraf\u0131ndan ortaya at\u0131lm\u0131\u015f bir fikir de\u011fildir; yaln\u0131zca basit bir giri\u015fimdir. Bu nedenle, tart\u0131\u015fmay\u0131 canland\u0131rmak ve \u015fu ana kadar otuz y\u0131ld\u0131r s\u00fcregelen bir trajedinin haf\u0131zas\u0131n\u0131 ve fark\u0131ndal\u0131\u011f\u0131n\u0131 yeniden uyand\u0131rmak d\u0131\u015f\u0131nda, herhangi bir eylemde bulunmak ya da ba\u011f\u0131\u015f toplamak y\u00f6n\u00fcnde bir me\u015fruiyeti yoktur. Ayr\u0131ca hi\u00e7bir dernek, STK, siyasi veya dini kurulu\u015f taraf\u0131ndan da desteklenmemektedir. \nBununla birlikte, ba\u011f\u0131\u015f \u00e7a\u011fr\u0131s\u0131 i\u00e7in a\u015fa\u011f\u0131da listelenen STK'lar ve dernekler tamamen yay\u0131n ekibi taraf\u0131ndan yap\u0131lan ara\u015ft\u0131rmalara istinaden se\u00e7ilmi\u015ftir. Se\u00e7ilen ki\u015filerle herhangi bir g\u00f6r\u00fc\u015fme veya ileti\u015fim sa\u011flanmam\u0131\u015ft\u0131r. Yay\u0131n ekibi, herhangi bir \u00f6demede bulunmadan \u00f6nce okuyuculara her bir kurulu\u015fun faaliyetleri ve ba\u011flant\u0131lar\u0131n ge\u00e7erlili\u011fi hakk\u0131nda bilgi edinmelerini, ihtiya\u00e7lar\u0131 ve belirli eylem tarzlar\u0131 kendi g\u00f6r\u00fc\u015flerine daha yak\u0131n olan ba\u015fka kurulu\u015flar hakk\u0131nda kendi ara\u015ft\u0131rmalar\u0131n\u0131 yapmalar\u0131n\u0131 tavsiye etmektedir. Linkler, faaliyetler ve ihtiya\u00e7lar hakk\u0131nda bilgi veren web sitelerinin yan\u0131 s\u0131ra ba\u011f\u0131\u015f talebinde bulunanlar taraf\u0131ndan do\u011frudan istenilen ba\u011f\u0131\u015f formlar\u0131na da y\u00f6nlendirmektedir.\n\u0130ki dil halinde ba\u015fka versiyonlar\u0131 da mevcuttur: \u0130spanyolca\/Portekizce (SPA-POR\/POR-SPA), \u0130talyanca\/Yunanca (ITA-ELL\/ELL-ITA), Frans\u0131zca\/\u0130ngilizce (FRA-ENG\/ENG-ITA), Arap\u00e7a\/Fars\u00e7a (ARA-FAR\/FAR-ARA), \u0130branice\/Arap\u00e7a (HEB-ARA\/ARA-HEB). Bir k\u0131sm\u0131na yaln\u0131zca \u00e7evrimi\u00e7i olarak veya a\u011flar\u0131m\u0131z \u00fczerinden eri\u015filebilir.\n\n<strong>Manifesto'nun bas\u0131l\u0131 versiyonunu <a href=\"https:\/\/www.sebastienmoreu.com\/produit\/manifeste-des-abysses\/\">buradan<\/a> sipari\u015f edebilirsiniz.<\/strong><\/pre>\n\n\n\n<div style=\"height:23px\" aria-hidden=\"true\" class=\"wp-block-spacer\"><\/div>\n\n\n\n<pre class=\"wp-block-preformatted has-dm-sans-font-family\" style=\"font-size:clamp(2.021rem, 2.021rem + ((1vw - 0.2rem) * 2.871), 3.6rem);font-style:normal;font-weight:900;line-height:1\">KATKIDA BULUNMAK \u0130\u00c7\u0130N&nbsp;:<\/pre>\n\n\n\n<div style=\"height:30px\" aria-hidden=\"true\" class=\"wp-block-spacer\"><\/div>\n\n\n\n<div class=\"wp-block-columns are-vertically-aligned-bottom is-not-stacked-on-mobile is-layout-flex wp-container-core-columns-is-layout-f8751df6 wp-block-columns-is-layout-flex\" style=\"border-style:none;border-width:0px;border-radius:0px;margin-top:0;margin-bottom:0;padding-top:0;padding-right:0;padding-bottom:0;padding-left:0\">\n<div class=\"wp-block-column is-vertically-aligned-bottom is-layout-flow wp-block-column-is-layout-flow\">\n<figure class=\"wp-block-image aligncenter size-full\"><a href=\"https:\/\/don.sosmediterranee.org\/arya\/~mon-don\"><img loading=\"lazy\" decoding=\"async\" width=\"730\" height=\"229\" src=\"http:\/\/themanifestooftheabyss.com\/wp-content\/uploads\/2023\/09\/logo_sos-med.png\" alt=\"\" class=\"wp-image-122\" style=\"object-fit:cover\" srcset=\"https:\/\/themanifestooftheabyss.com\/wp-content\/uploads\/2023\/09\/logo_sos-med.png 730w, https:\/\/themanifestooftheabyss.com\/wp-content\/uploads\/2023\/09\/logo_sos-med-300x94.png 300w\" sizes=\"auto, (max-width: 730px) 100vw, 730px\" \/><\/a><\/figure>\n<\/div>\n\n\n\n<div class=\"wp-block-column is-vertically-aligned-bottom is-layout-flow wp-block-column-is-layout-flow\">\n<figure class=\"wp-block-image size-full\"><a href=\"https:\/\/soutenir.msf.fr\/faire-un-don\/~mon-don\"><img loading=\"lazy\" decoding=\"async\" width=\"241\" height=\"104\" src=\"http:\/\/themanifestooftheabyss.com\/wp-content\/uploads\/2023\/09\/logo_msf.png\" alt=\"\" class=\"wp-image-121\" style=\"object-fit:cover\"\/><\/a><\/figure>\n<\/div>\n\n\n\n<div class=\"wp-block-column is-vertically-aligned-bottom is-layout-flow wp-block-column-is-layout-flow\">\n<figure class=\"wp-block-image size-full\"><a href=\"https:\/\/www.moas.eu\/donate\/\"><img loading=\"lazy\" decoding=\"async\" width=\"403\" height=\"180\" src=\"http:\/\/themanifestooftheabyss.com\/wp-content\/uploads\/2023\/09\/logo_moas.png\" alt=\"\" class=\"wp-image-120\" style=\"object-fit:cover\" srcset=\"https:\/\/themanifestooftheabyss.com\/wp-content\/uploads\/2023\/09\/logo_moas.png 403w, https:\/\/themanifestooftheabyss.com\/wp-content\/uploads\/2023\/09\/logo_moas-300x134.png 300w\" sizes=\"auto, (max-width: 403px) 100vw, 403px\" \/><\/a><\/figure>\n<\/div>\n\n\n\n<div class=\"wp-block-column is-vertically-aligned-bottom is-layout-flow wp-block-column-is-layout-flow\">\n<figure class=\"wp-block-image aligncenter size-full\"><a href=\"https:\/\/donate.savethechildren.org\/en\/donate\/donate-now-save-lives-sr-b?_ga=2.235593089.1675046744.1695990582-1164484035.1695990582&amp;_gac=1.249227571.1695990582.EAIaIQobChMI59iZxvP3_wIVTQUGAB2BZwKEEAAYASAAEgIXzPD_BwE&amp;_gl=1*1guyyhv*_ga*MTE2NDQ4NDAzNS4xNjk1OTkwNTgy*_ga_646SWQJ0VB*MTY5NTk5NzgxOS4yLjAuMTY5NTk5NzgxOS42MC4wLjA.*_ga_GRKVSTV36C*MTY5NTk5NzgxOS4yLjAuMTY5NTk5NzgxOS42MC4wLjA.\"><img loading=\"lazy\" decoding=\"async\" width=\"548\" height=\"116\" src=\"http:\/\/themanifestooftheabyss.com\/wp-content\/uploads\/2023\/09\/logo_stc.png\" alt=\"\" class=\"wp-image-123\" style=\"object-fit:cover\" srcset=\"https:\/\/themanifestooftheabyss.com\/wp-content\/uploads\/2023\/09\/logo_stc.png 548w, https:\/\/themanifestooftheabyss.com\/wp-content\/uploads\/2023\/09\/logo_stc-300x64.png 300w\" sizes=\"auto, (max-width: 548px) 100vw, 548px\" \/><\/a><\/figure>\n<\/div>\n<\/div>\n","protected":false},"excerpt":{"rendered":"<p>SONSUZ DERINLI\u011eIN MANIFESTOSU Bu yay\u0131n, yay\u0131nc\u0131lar\u0131n \u00f6zel bir giri\u015fimi sonucunda ortaya \u00e7\u0131km\u0131\u015ft\u0131r. Bu fikir bir dernek, STK, kurum ya da \u015firket taraf\u0131ndan ortaya at\u0131lm\u0131\u015f bir fikir de\u011fildir; yaln\u0131zca basit bir giri\u015fimdir. Bu nedenle, tart\u0131\u015fmay\u0131 canland\u0131rmak ve \u015fu ana kadar otuz y\u0131ld\u0131r s\u00fcregelen bir trajedinin haf\u0131zas\u0131n\u0131 ve fark\u0131ndal\u0131\u011f\u0131n\u0131 yeniden uyand\u0131rmak d\u0131\u015f\u0131nda, herhangi bir eylemde bulunmak ya [&hellip;]<\/p>\n","protected":false},"author":1,"featured_media":0,"parent":0,"menu_order":0,"comment_status":"closed","ping_status":"closed","template":"","meta":{"footnotes":""},"class_list":["post-270","page","type-page","status-publish","hentry"],"_links":{"self":[{"href":"https:\/\/themanifestooftheabyss.com\/index.php\/wp-json\/wp\/v2\/pages\/270","targetHints":{"allow":["GET"]}}],"collection":[{"href":"https:\/\/themanifestooftheabyss.com\/index.php\/wp-json\/wp\/v2\/pages"}],"about":[{"href":"https:\/\/themanifestooftheabyss.com\/index.php\/wp-json\/wp\/v2\/types\/page"}],"author":[{"embeddable":true,"href":"https:\/\/themanifestooftheabyss.com\/index.php\/wp-json\/wp\/v2\/users\/1"}],"replies":[{"embeddable":true,"href":"https:\/\/themanifestooftheabyss.com\/index.php\/wp-json\/wp\/v2\/comments?post=270"}],"version-history":[{"count":5,"href":"https:\/\/themanifestooftheabyss.com\/index.php\/wp-json\/wp\/v2\/pages\/270\/revisions"}],"predecessor-version":[{"id":443,"href":"https:\/\/themanifestooftheabyss.com\/index.php\/wp-json\/wp\/v2\/pages\/270\/revisions\/443"}],"wp:attachment":[{"href":"https:\/\/themanifestooftheabyss.com\/index.php\/wp-json\/wp\/v2\/media?parent=270"}],"curies":[{"name":"wp","href":"https:\/\/api.w.org\/{rel}","templated":true}]}}